{"id":685,"date":"2026-01-26T02:55:14","date_gmt":"2026-01-26T01:55:14","guid":{"rendered":"https:\/\/szkola-na-kosow.pl\/?page_id=685"},"modified":"2026-02-02T04:02:41","modified_gmt":"2026-02-02T03:02:41","slug":"oferta-dla-dzieci-i-mlodziezy","status":"publish","type":"page","link":"https:\/\/szkola-na-kosow.pl\/?page_id=685","title":{"rendered":"OFERTA DLA DZIECI I M\u0141ODZIE\u017bY"},"content":{"rendered":"\t\t<div data-elementor-type=\"wp-page\" data-elementor-id=\"685\" class=\"elementor elementor-685\">\n\t\t\t\t<div class=\"elementor-element elementor-element-9b14412 e-flex e-con-boxed e-con e-parent\" data-id=\"9b14412\" data-element_type=\"container\">\n\t\t\t\t\t<div class=\"e-con-inner\">\n\t\t\t\t<div class=\"elementor-element elementor-element-8056d1d elementor-widget elementor-widget-text-editor\" data-id=\"8056d1d\" data-element_type=\"widget\" data-widget_type=\"text-editor.default\">\n\t\t\t\t\t\t\t\t\t<h2 class=\"western\"><img decoding=\"async\" class=\"emoji\" role=\"img\" src=\"https:\/\/s.w.org\/images\/core\/emoji\/17.0.2\/svg\/1f467.svg\" alt=\"\ud83d\udc67\" \/>\u00a0Dzieci\u00a0<\/h2><h3 class=\"western\">\u00a0 \u00a0Dzieci w wieku 6\u20139 lat<\/h3><p><strong>\u00a0 \u00a0 \u00a0 \u00a0 Angielski \/ Niemiecki \/ Hiszpa\u0144ski<\/strong><\/p><ul><li><p>forma: zaj\u0119cia grupowe\u00a0(3\u20136 dzieci)<\/p><\/li><li><p>czas trwania:\u00a0<strong>60 minut<\/strong><\/p><\/li><li><p>cz\u0119stotliwo\u015b\u0107:\u00a0<strong>1\u20132 razy w tygodniu<\/strong><\/p><\/li><li><p>cena:\u00a0<strong>40 z\u0142 \/ 60 minut<\/strong><\/p><\/li><\/ul><p>Stopniowe wprowadzanie czytania i pisania, rozwijanie s\u0142ownictwa i komunikacji.<\/p><p>Umowa zawierana jest na\u00a0<strong>1 modu\u0142 tematyczny<\/strong>, obejmuj\u0105cy\u00a0<strong>8 lub 16 zaj\u0119\u0107 po 60 minut<\/strong>\u00a0(czas trwania modu\u0142u:\u00a0<strong>oko\u0142o 2 miesi\u0105ce<\/strong>).<br \/>Op\u0142ata za zaj\u0119cia ma charakter\u00a0<strong>abonamentu miesi\u0119cznego<\/strong>\u00a0i jest p\u0142atna\u00a0<strong>z g\u00f3ry do 5. dnia ka\u017cdego miesi\u0105ca<\/strong>.<\/p><p>Rezygnacja z zaj\u0119\u0107 mo\u017cliwa jest\u00a0<strong>wy\u0142\u0105cznie po zako\u0144czeniu modu\u0142u.\u00a0<\/strong><\/p><h3 class=\"western\">Dzieci w wieku 10\u201313 lat<\/h3><p><strong>\u00a0 \u00a0 \u00a0 \u00a0 Angielski \/ Niemiecki \/\u00a0<\/strong><strong>Hiszpa\u0144ski<\/strong><\/p><ul><li><p>forma: zaj\u0119cia grupowe (3\u20136 dzieci)<\/p><\/li><li><p>czas trwania:\u00a0<strong>60 minut<\/strong><\/p><\/li><li><p>cz\u0119stotliwo\u015b\u0107:\u00a0<strong>2 razy w tygodniu<\/strong><\/p><\/li><li><p>cena:<strong> 45\u00a0z\u0142 \/ 60 minut<\/strong><\/p><\/li><\/ul><p>Przygotowanie do dalszej nauki szkolnej, nacisk na gramatyk\u0119 i m\u00f3wienie.<\/p><p>Umowa zawierana jest na\u00a0<strong>kurs j\u0119zykowy trwaj\u0105cy jeden semestr<\/strong>.<br \/>Zaj\u0119cia odbywaj\u0105 si\u0119 zgodnie z ustalonym harmonogramem.<br \/>Op\u0142ata za zaj\u0119cia ma charakter\u00a0<strong>abonamentu miesi\u0119cznego<\/strong>\u00a0i jest p\u0142atna z g\u00f3ry do 5. dnia ka\u017cdego miesi\u0105ca.<br \/>Rezygnacja z zaj\u0119\u0107 mo\u017cliwa jest\u00a0<strong>z zachowaniem jednomiesi\u0119cznego okresu wypowiedzenia<\/strong>, ze skutkiem na koniec miesi\u0105ca.<\/p><h2 class=\"western\"><img decoding=\"async\" class=\"emoji\" role=\"img\" src=\"https:\/\/s.w.org\/images\/core\/emoji\/17.0.2\/svg\/1f60e.svg\" alt=\"\ud83d\ude0e\" \/>M\u0142odzie\u017c<\/h2><h3>\u00a0 \u00a0<span style=\"color: inherit;font-family: inherit;font-size: 1.75rem\">Klasy 7\u20138 (przygotowanie do Egzaminu 8-klasisty)<\/span><\/h3><p><strong>\u00a0 \u00a0 \u00a0 \u00a0 Angielski \/ Niemiecki<\/strong><\/p><ul><li><p>forma: zaj\u0119cia grupowe lub indywidualne<\/p><\/li><li><p>czas trwania:\u00a0<strong>60 minut<\/strong><\/p><\/li><li><p>cz\u0119stotliwo\u015b\u0107:\u00a0<strong>1 lub 2 razy w tygodniu<\/strong><\/p><\/li><\/ul><p><strong>\u00a0 \u00a0 \u00a0 \u00a0 Cennik:<\/strong><\/p><ul><li><p>zaj\u0119cia grupowe:\u00a0<strong>55 z\u0142 \/ 60 minut<\/strong><\/p><\/li><li><p>zaj\u0119cia indywidualne:\u00a0<strong>110 z\u0142 \/ 60 minut<\/strong><\/p><\/li><\/ul><p>Przygotowanie do egzaminu \u00f3smoklasisty: s\u0142ownictwo, gramatyka, arkusze egzaminacyjne.<\/p><p>Umowa zawierana jest na\u00a0<strong>kurs semestralny lub ca\u0142oroczny<\/strong>, w zale\u017cno\u015bci od wybranej oferty.<br \/>Op\u0142ata za zaj\u0119cia ma charakter\u00a0<strong>abonamentu miesi\u0119cznego<\/strong>, p\u0142atnego z g\u00f3ry do 5. dnia ka\u017cdego miesi\u0105ca.<br \/>Rezygnacja z kursu mo\u017cliwa jest\u00a0<strong>z zachowaniem jednomiesi\u0119cznego okresu wypowiedzenia<\/strong>, ze skutkiem na koniec miesi\u0105ca.<\/p><h3 class=\"western\">Liceum \/ technikum\u00a0 (przygotowanie do Matury)<\/h3><p><strong>\u00a0 \u00a0 \u00a0 \u00a0 Angielski \/ Niemiecki<\/strong><\/p><ul><li><p>forma: zaj\u0119cia grupowe lub indywidualne<\/p><\/li><li><p>czas trwania:\u00a0<strong>60 lub 90 minut<\/strong><\/p><\/li><li>cz\u0119stotliwo\u015b\u0107:\u00a0<strong>1 lub 2 razy w tygodniu<\/strong><\/li><\/ul><p><strong>\u00a0 \u00a0 \u00a0 \u00a0 \u00a0Cennik:<\/strong><\/p><ul><li><p>zaj\u0119cia grupowe:\u00a0<strong>65 z\u0142 \/ 60 minut<\/strong><\/p><\/li><li><p>zaj\u0119cia grupowe\u00a0<strong>(matura rozszerzona):<\/strong><strong> 75 z\u0142 \/ 60 minut<\/strong><\/p><\/li><li><p>zaj\u0119cia indywidualne:\u00a0<strong>12<\/strong><strong>0 z\u0142 \/ 60 minut<\/strong><\/p><\/li><li><p>zaj\u0119cia indywidualne\u00a0<strong>(matura rozszerzona): 1<\/strong><strong>5<\/strong><strong>0 z\u0142 \/ 60 minut<\/strong><\/p><\/li><\/ul><p align=\"left\">Umowa zawierana jest na\u00a0<strong>kurs przygotowuj\u0105cy do egzaminu maturalnego\u00a0<\/strong>(poziom podstawowy lub rozszerzony).<br \/>Kurs ma charakter ci\u0105g\u0142y i trwa\u00a0<strong>do zako\u0144czenia roku szkolnego lub egzaminu<\/strong>.<strong><br \/><\/strong>Op\u0142ata za zaj\u0119cia ma charakter\u00a0<strong>abonamentu miesi\u0119cznego<\/strong>, p\u0142atnego z g\u00f3ry do 5. dnia ka\u017cdego miesi\u0105ca.<strong><br \/><\/strong>Rezygnacja z kursu mo\u017cliwa jest wy\u0142\u0105cznie\u00a0<strong>z zachowaniem jednomiesi\u0119cznego okresu wypowiedzenia<\/strong>, ze skutkiem na koniec miesi\u0105ca.<\/p><p align=\"left\">\u00a0<\/p><h2 class=\"western\">\ud83d\ude43Zaj\u0119cia indywidualne dzieci i m\u0142odzie\u017c (z wy\u0142\u0105czeniem przygotowania do egzamin\u00f3w, matury)<\/h2><p><strong>\u00a0 \u00a0 \u00a0Angielski \/ Niemiecki \/ Hiszpa\u0144ski<\/strong><\/p><ul><li><p>zaj\u0119cia dostosowane do poziomu i potrzeb Ucznia<\/p><\/li><li>zaj\u0119cia og\u00f3lne, konwersacyjne, z elementami gramatyki<\/li><li>cena:\u00a0<strong>100\u00a0z\u0142 \/ 60 minut<\/strong>\u00a0<\/li><\/ul><h2><img decoding=\"async\" class=\"emoji\" role=\"img\" src=\"https:\/\/s.w.org\/images\/core\/emoji\/17.0.2\/svg\/1f5a5.svg\" alt=\"\ud83d\udda5\ufe0f\" \/>Zaj\u0119cia online (platforma Zoom)\u00a0<\/h2><ul><li>Angielski \/ Niemiecki \/ Hiszpa\u0144ski\u00a0<\/li><li>Poziomy: od A 1 do C1<\/li><li>forma: indywidualna lub grupowa (warunkiem utworzenia grupy s\u0105 min. 3 osoby)<p><strong>Cennik\u00a0<\/strong>(cena uzale\u017cniona od poziomu kursu i cz\u0119stotliwo\u015bci)<\/p><ul><li><p>zaj\u0119cia grupowe:\u00a0<strong>od 55 z\u0142 \/ 60 minut<\/strong><\/p><\/li><li><p>zaj\u0119cia indywidualne:\u00a0<strong>od 90 z\u0142 \/ 60 minut\u00a0<\/strong><\/p><\/li><\/ul><\/li><\/ul><hr \/><h2>\u00a0<\/h2>\t\t\t\t\t\t\t\t<\/div>\n\t\t\t\t\t<\/div>\n\t\t\t\t<\/div>\n\t\t\t\t<\/div>\n\t\t","protected":false},"excerpt":{"rendered":"<p>\u00a0Dzieci\u00a0 \u00a0 \u00a0Dzieci w wieku 6\u20139 lat \u00a0 \u00a0 \u00a0 \u00a0 Angielski \/ Niemiecki \/ Hiszpa\u0144ski forma: zaj\u0119cia grupowe\u00a0(3\u20136 dzieci) czas trwania:\u00a060 minut cz\u0119stotliwo\u015b\u0107:\u00a01\u20132 razy w tygodniu cena:\u00a040 z\u0142 \/ 60 minut Stopniowe wprowadzanie czytania i pisania, rozwijanie s\u0142ownictwa i komunikacji. Umowa zawierana jest na\u00a01 modu\u0142 tematyczny, obejmuj\u0105cy\u00a08 lub 16 zaj\u0119\u0107 po 60 minut\u00a0(czas trwania [&hellip;]<\/p>\n","protected":false},"author":1,"featured_media":0,"parent":0,"menu_order":0,"comment_status":"closed","ping_status":"closed","template":"","meta":{"footnotes":""},"class_list":["post-685","page","type-page","status-publish","hentry"],"_links":{"self":[{"href":"https:\/\/szkola-na-kosow.pl\/index.php?rest_route=\/wp\/v2\/pages\/685","targetHints":{"allow":["GET"]}}],"collection":[{"href":"https:\/\/szkola-na-kosow.pl\/index.php?rest_route=\/wp\/v2\/pages"}],"about":[{"href":"https:\/\/szkola-na-kosow.pl\/index.php?rest_route=\/wp\/v2\/types\/page"}],"author":[{"embeddable":true,"href":"https:\/\/szkola-na-kosow.pl\/index.php?rest_route=\/wp\/v2\/users\/1"}],"replies":[{"embeddable":true,"href":"https:\/\/szkola-na-kosow.pl\/index.php?rest_route=%2Fwp%2Fv2%2Fcomments&post=685"}],"version-history":[{"count":19,"href":"https:\/\/szkola-na-kosow.pl\/index.php?rest_route=\/wp\/v2\/pages\/685\/revisions"}],"predecessor-version":[{"id":829,"href":"https:\/\/szkola-na-kosow.pl\/index.php?rest_route=\/wp\/v2\/pages\/685\/revisions\/829"}],"wp:attachment":[{"href":"https:\/\/szkola-na-kosow.pl\/index.php?rest_route=%2Fwp%2Fv2%2Fmedia&parent=685"}],"curies":[{"name":"wp","href":"https:\/\/api.w.org\/{rel}","templated":true}]}}