{"id":677,"date":"2026-01-26T02:54:23","date_gmt":"2026-01-26T01:54:23","guid":{"rendered":"https:\/\/szkola-na-kosow.pl\/?page_id=677"},"modified":"2026-01-26T03:41:45","modified_gmt":"2026-01-26T02:41:45","slug":"oferta-dla-doroslych","status":"publish","type":"page","link":"https:\/\/szkola-na-kosow.pl\/?page_id=677","title":{"rendered":"OFERTA DLA DOROS\u0141YCH"},"content":{"rendered":"\t\t<div data-elementor-type=\"wp-page\" data-elementor-id=\"677\" class=\"elementor elementor-677\">\n\t\t\t\t<div class=\"elementor-element elementor-element-81f8806 e-flex e-con-boxed e-con e-parent\" data-id=\"81f8806\" data-element_type=\"container\">\n\t\t\t\t\t<div class=\"e-con-inner\">\n\t\t\t\t<div class=\"elementor-element elementor-element-f7644ea elementor-widget elementor-widget-text-editor\" data-id=\"f7644ea\" data-element_type=\"widget\" data-widget_type=\"text-editor.default\">\n\t\t\t\t\t\t\t\t\t<p><strong>\u00a0 <\/strong><\/p><p><strong>\u00a0<\/strong><strong>Angielski \/ Niemiecki \/ Hiszpa\u0144ski<\/strong><\/p><ul><li><p>poziomy: od A1 do C1<\/p><\/li><li><p>forma: indywidualna lub grupowa (warunkiem utworzenia grupy s\u0105 min. 3 osoby)<\/p><\/li><li><p>zaj\u0119cia og\u00f3lne, konwersacyjne, z elementami gramatyki<\/p><\/li><\/ul><p>\u00a0<\/p><p><strong>STACJONARNIE:<\/strong><\/p><ul><li><p><strong>\u00a0 \u00a0 Cennik:<\/strong><\/p><ul><li><p>zaj\u0119cia grupowe:\u00a0<strong>60 z\u0142 \/ 60 minut<\/strong><\/p><\/li><li><p>zaj\u0119cia indywidualne:\u00a0<strong>110 z\u0142 \/ 60 minut<\/strong><\/p><\/li><\/ul><\/li><\/ul><p><strong>\u00a0<\/strong><\/p><p><strong>ONLINE:<\/strong><\/p><ul><li><p><strong>\u00a0 \u00a0 Cennik:<\/strong><\/p><ul><li><p>zaj\u0119cia grupowe: <strong>od 50\u00a0z\u0142 \/ 60 minut<\/strong><\/p><\/li><li><p>zaj\u0119cia indywidualne: <strong>od 90\u00a0z\u0142 \/ 60 minut<\/strong><\/p><\/li><\/ul><\/li><\/ul>\t\t\t\t\t\t\t\t<\/div>\n\t\t\t\t\t<\/div>\n\t\t\t\t<\/div>\n\t\t\t\t<\/div>\n\t\t","protected":false},"excerpt":{"rendered":"<p>\u00a0 \u00a0Angielski \/ Niemiecki \/ Hiszpa\u0144ski poziomy: od A1 do C1 forma: indywidualna lub grupowa (warunkiem utworzenia grupy s\u0105 min. 3 osoby) zaj\u0119cia og\u00f3lne, konwersacyjne, z elementami gramatyki \u00a0 STACJONARNIE: \u00a0 \u00a0 Cennik: zaj\u0119cia grupowe:\u00a060 z\u0142 \/ 60 minut zaj\u0119cia indywidualne:\u00a0110 z\u0142 \/ 60 minut \u00a0 ONLINE: \u00a0 \u00a0 Cennik: zaj\u0119cia grupowe: od 50\u00a0z\u0142 \/ [&hellip;]<\/p>\n","protected":false},"author":1,"featured_media":0,"parent":0,"menu_order":0,"comment_status":"closed","ping_status":"closed","template":"","meta":{"footnotes":""},"class_list":["post-677","page","type-page","status-publish","hentry"],"_links":{"self":[{"href":"https:\/\/szkola-na-kosow.pl\/index.php?rest_route=\/wp\/v2\/pages\/677","targetHints":{"allow":["GET"]}}],"collection":[{"href":"https:\/\/szkola-na-kosow.pl\/index.php?rest_route=\/wp\/v2\/pages"}],"about":[{"href":"https:\/\/szkola-na-kosow.pl\/index.php?rest_route=\/wp\/v2\/types\/page"}],"author":[{"embeddable":true,"href":"https:\/\/szkola-na-kosow.pl\/index.php?rest_route=\/wp\/v2\/users\/1"}],"replies":[{"embeddable":true,"href":"https:\/\/szkola-na-kosow.pl\/index.php?rest_route=%2Fwp%2Fv2%2Fcomments&post=677"}],"version-history":[{"count":11,"href":"https:\/\/szkola-na-kosow.pl\/index.php?rest_route=\/wp\/v2\/pages\/677\/revisions"}],"predecessor-version":[{"id":719,"href":"https:\/\/szkola-na-kosow.pl\/index.php?rest_route=\/wp\/v2\/pages\/677\/revisions\/719"}],"wp:attachment":[{"href":"https:\/\/szkola-na-kosow.pl\/index.php?rest_route=%2Fwp%2Fv2%2Fmedia&parent=677"}],"curies":[{"name":"wp","href":"https:\/\/api.w.org\/{rel}","templated":true}]}}