{"id":669,"date":"2026-01-26T02:53:30","date_gmt":"2026-01-26T01:53:30","guid":{"rendered":"https:\/\/szkola-na-kosow.pl\/?page_id=669"},"modified":"2026-02-04T04:03:05","modified_gmt":"2026-02-04T03:03:05","slug":"nasza-kadra","status":"publish","type":"page","link":"https:\/\/szkola-na-kosow.pl\/?page_id=669","title":{"rendered":"NASZA KADRA"},"content":{"rendered":"\t\t<div data-elementor-type=\"wp-page\" data-elementor-id=\"669\" class=\"elementor elementor-669\">\n\t\t\t\t<div class=\"elementor-element elementor-element-ecc7df5 e-flex e-con-boxed e-con e-parent\" data-id=\"ecc7df5\" data-element_type=\"container\">\n\t\t\t\t\t<div class=\"e-con-inner\">\n\t\t\t\t<div class=\"elementor-element elementor-element-9acc118 elementor-widget elementor-widget-text-editor\" data-id=\"9acc118\" data-element_type=\"widget\" data-widget_type=\"text-editor.default\">\n\t\t\t\t\t\t\t\t\t<p><strong>Wkr\u00f3tce poznasz naszych Lektor\u00f3w:\u00a0 \u00a0 \u00a0<\/strong> \u00a0 \u00a0 \u00a0 \u00a0 \u00a0 \u00a0 \u00a0 \u00a0 \u00a0 \u00a0 \u00a0 \u00a0 \u00a0<\/p><p>Oliwia\u00a0 Wojtek\u00a0 Olaf\u00a0 Kasia\u00a0 Julia\u00a0 Krzysztof\u00a0<\/p>\t\t\t\t\t\t\t\t<\/div>\n\t\t\t\t\t<\/div>\n\t\t\t\t<\/div>\n\t\t<div class=\"elementor-element elementor-element-42c977f e-flex e-con-boxed e-con e-parent\" data-id=\"42c977f\" data-element_type=\"container\">\n\t\t\t\t\t<div class=\"e-con-inner\">\n\t\t\t\t<div class=\"elementor-element elementor-element-106e66c elementor-widget-divider--view-line elementor-widget elementor-widget-divider\" data-id=\"106e66c\" data-element_type=\"widget\" data-widget_type=\"divider.default\">\n\t\t\t\t\t\t\t<div class=\"elementor-divider\">\n\t\t\t<span class=\"elementor-divider-separator\">\n\t\t\t\t\t\t<\/span>\n\t\t<\/div>\n\t\t\t\t\t\t<\/div>\n\t\t\t\t\t<\/div>\n\t\t\t\t<\/div>\n\t\t<div class=\"elementor-element elementor-element-1f6b9a6 e-flex e-con-boxed e-con e-parent\" data-id=\"1f6b9a6\" data-element_type=\"container\">\n\t\t\t\t\t<div class=\"e-con-inner\">\n\t\t\t\t<div class=\"elementor-element elementor-element-932b4fe elementor-widget elementor-widget-text-editor\" data-id=\"932b4fe\" data-element_type=\"widget\" data-widget_type=\"text-editor.default\">\n\t\t\t\t\t\t\t\t\t<p>Dorota Piechowska-Koncewicz\u00a0 -za\u0142o\u017cycielka szko\u0142y i germanistka<\/p>\t\t\t\t\t\t\t\t<\/div>\n\t\t\t\t\t<\/div>\n\t\t\t\t<\/div>\n\t\t<div class=\"elementor-element elementor-element-09502e1 e-flex e-con-boxed e-con e-parent\" data-id=\"09502e1\" data-element_type=\"container\">\n\t\t\t\t\t<div class=\"e-con-inner\">\n\t\t\t\t\t<\/div>\n\t\t\t\t<\/div>\n\t\t<div class=\"elementor-element elementor-element-ac17423 e-flex e-con-boxed e-con e-parent\" data-id=\"ac17423\" data-element_type=\"container\">\n\t\t\t\t\t<div class=\"e-con-inner\">\n\t\t\t\t<div class=\"elementor-element elementor-element-0aef1a5 elementor-widget elementor-widget-image\" data-id=\"0aef1a5\" data-element_type=\"widget\" data-widget_type=\"image.default\">\n\t\t\t\t\t\t\t\t\t\t\t\t\t\t\t<img decoding=\"async\" width=\"150\" height=\"150\" src=\"https:\/\/szkola-na-kosow.pl\/wp-content\/uploads\/2026\/01\/ChatGPT-Image-26-sty-2026-23_03_37-150x150.png\" class=\"attachment-thumbnail size-thumbnail wp-image-773\" alt=\"\" \/>\t\t\t\t\t\t\t\t\t\t\t\t\t\t\t<\/div>\n\t\t\t\t\t<\/div>\n\t\t\t\t<\/div>\n\t\t<div class=\"elementor-element elementor-element-9584c08 e-flex e-con-boxed e-con e-parent\" data-id=\"9584c08\" data-element_type=\"container\">\n\t\t\t\t\t<div class=\"e-con-inner\">\n\t\t\t\t<div class=\"elementor-element elementor-element-197452d elementor-widget-divider--view-line elementor-widget elementor-widget-divider\" data-id=\"197452d\" data-element_type=\"widget\" data-widget_type=\"divider.default\">\n\t\t\t\t\t\t\t<div class=\"elementor-divider\">\n\t\t\t<span class=\"elementor-divider-separator\">\n\t\t\t\t\t\t<\/span>\n\t\t<\/div>\n\t\t\t\t\t\t<\/div>\n\t\t\t\t\t<\/div>\n\t\t\t\t<\/div>\n\t\t<div class=\"elementor-element elementor-element-0a7cda0 e-flex e-con-boxed e-con e-parent\" data-id=\"0a7cda0\" data-element_type=\"container\">\n\t\t\t\t\t<div class=\"e-con-inner\">\n\t\t\t\t<div class=\"elementor-element elementor-element-0872208 elementor-widget elementor-widget-text-editor\" data-id=\"0872208\" data-element_type=\"widget\" data-widget_type=\"text-editor.default\">\n\t\t\t\t\t\t\t\t\t<p>GALERIA\u00a0<\/p>\t\t\t\t\t\t\t\t<\/div>\n\t\t\t\t\t<\/div>\n\t\t\t\t<\/div>\n\t\t<div class=\"elementor-element elementor-element-18c9164 e-grid e-con-boxed e-con e-parent\" data-id=\"18c9164\" data-element_type=\"container\">\n\t\t\t\t\t<div class=\"e-con-inner\">\n\t\t\t\t\t<\/div>\n\t\t\t\t<\/div>\n\t\t<div class=\"elementor-element elementor-element-6e1ef9a e-grid e-con-boxed e-con e-parent\" data-id=\"6e1ef9a\" data-element_type=\"container\">\n\t\t\t\t\t<div class=\"e-con-inner\">\n\t\t\t\t<div class=\"elementor-element elementor-element-e2b8ef2 elementor-widget elementor-widget-image\" data-id=\"e2b8ef2\" data-element_type=\"widget\" data-widget_type=\"image.default\">\n\t\t\t\t\t\t\t\t\t\t\t\t\t\t\t<img fetchpriority=\"high\" decoding=\"async\" width=\"800\" height=\"600\" src=\"https:\/\/szkola-na-kosow.pl\/wp-content\/uploads\/2026\/02\/kos-1-1024x768.jpeg\" class=\"attachment-large size-large wp-image-831\" alt=\"\" srcset=\"https:\/\/szkola-na-kosow.pl\/wp-content\/uploads\/2026\/02\/kos-1-1024x768.jpeg 1024w, https:\/\/szkola-na-kosow.pl\/wp-content\/uploads\/2026\/02\/kos-1-300x225.jpeg 300w, https:\/\/szkola-na-kosow.pl\/wp-content\/uploads\/2026\/02\/kos-1-768x576.jpeg 768w, https:\/\/szkola-na-kosow.pl\/wp-content\/uploads\/2026\/02\/kos-1-1536x1152.jpeg 1536w, https:\/\/szkola-na-kosow.pl\/wp-content\/uploads\/2026\/02\/kos-1.jpeg 2048w\" sizes=\"(max-width: 800px) 100vw, 800px\" \/>\t\t\t\t\t\t\t\t\t\t\t\t\t\t\t<\/div>\n\t\t\t\t<div class=\"elementor-element elementor-element-63238cf elementor-widget elementor-widget-image\" data-id=\"63238cf\" data-element_type=\"widget\" data-widget_type=\"image.default\">\n\t\t\t\t\t\t\t\t\t\t\t\t\t\t\t<img decoding=\"async\" width=\"800\" height=\"600\" src=\"https:\/\/szkola-na-kosow.pl\/wp-content\/uploads\/2026\/02\/kos-2-1024x768.jpeg\" class=\"attachment-large size-large wp-image-832\" alt=\"\" srcset=\"https:\/\/szkola-na-kosow.pl\/wp-content\/uploads\/2026\/02\/kos-2-1024x768.jpeg 1024w, https:\/\/szkola-na-kosow.pl\/wp-content\/uploads\/2026\/02\/kos-2-300x225.jpeg 300w, https:\/\/szkola-na-kosow.pl\/wp-content\/uploads\/2026\/02\/kos-2-768x576.jpeg 768w, https:\/\/szkola-na-kosow.pl\/wp-content\/uploads\/2026\/02\/kos-2-1536x1152.jpeg 1536w, https:\/\/szkola-na-kosow.pl\/wp-content\/uploads\/2026\/02\/kos-2.jpeg 2048w\" sizes=\"(max-width: 800px) 100vw, 800px\" \/>\t\t\t\t\t\t\t\t\t\t\t\t\t\t\t<\/div>\n\t\t\t\t<div class=\"elementor-element elementor-element-3c46e7f elementor-widget elementor-widget-image\" data-id=\"3c46e7f\" data-element_type=\"widget\" data-widget_type=\"image.default\">\n\t\t\t\t\t\t\t\t\t\t\t\t\t\t\t<img loading=\"lazy\" decoding=\"async\" width=\"768\" height=\"579\" src=\"https:\/\/szkola-na-kosow.pl\/wp-content\/uploads\/2026\/02\/kos-8-768x579.jpeg\" class=\"attachment-medium_large size-medium_large wp-image-874\" alt=\"\" srcset=\"https:\/\/szkola-na-kosow.pl\/wp-content\/uploads\/2026\/02\/kos-8-768x579.jpeg 768w, https:\/\/szkola-na-kosow.pl\/wp-content\/uploads\/2026\/02\/kos-8-300x226.jpeg 300w, https:\/\/szkola-na-kosow.pl\/wp-content\/uploads\/2026\/02\/kos-8-1024x772.jpeg 1024w, https:\/\/szkola-na-kosow.pl\/wp-content\/uploads\/2026\/02\/kos-8-1536x1158.jpeg 1536w, https:\/\/szkola-na-kosow.pl\/wp-content\/uploads\/2026\/02\/kos-8.jpeg 1599w\" sizes=\"(max-width: 768px) 100vw, 768px\" \/>\t\t\t\t\t\t\t\t\t\t\t\t\t\t\t<\/div>\n\t\t\t\t<div class=\"elementor-element elementor-element-8732f8b elementor-widget elementor-widget-image\" data-id=\"8732f8b\" data-element_type=\"widget\" data-widget_type=\"image.default\">\n\t\t\t\t\t\t\t\t\t\t\t\t\t\t\t<img loading=\"lazy\" decoding=\"async\" width=\"800\" height=\"534\" src=\"https:\/\/szkola-na-kosow.pl\/wp-content\/uploads\/2026\/02\/kos-3-1024x683.png\" class=\"attachment-large size-large wp-image-833\" alt=\"\" srcset=\"https:\/\/szkola-na-kosow.pl\/wp-content\/uploads\/2026\/02\/kos-3-1024x683.png 1024w, https:\/\/szkola-na-kosow.pl\/wp-content\/uploads\/2026\/02\/kos-3-300x200.png 300w, https:\/\/szkola-na-kosow.pl\/wp-content\/uploads\/2026\/02\/kos-3-768x512.png 768w, https:\/\/szkola-na-kosow.pl\/wp-content\/uploads\/2026\/02\/kos-3.png 1536w\" sizes=\"(max-width: 800px) 100vw, 800px\" \/>\t\t\t\t\t\t\t\t\t\t\t\t\t\t\t<\/div>\n\t\t\t\t<div class=\"elementor-element elementor-element-e31fdd1 elementor-widget elementor-widget-image\" data-id=\"e31fdd1\" data-element_type=\"widget\" data-widget_type=\"image.default\">\n\t\t\t\t\t\t\t\t\t\t\t\t\t\t\t<img loading=\"lazy\" decoding=\"async\" width=\"800\" height=\"600\" src=\"https:\/\/szkola-na-kosow.pl\/wp-content\/uploads\/2026\/02\/kos-4-1024x768.jpeg\" class=\"attachment-large size-large wp-image-834\" alt=\"\" srcset=\"https:\/\/szkola-na-kosow.pl\/wp-content\/uploads\/2026\/02\/kos-4-1024x768.jpeg 1024w, https:\/\/szkola-na-kosow.pl\/wp-content\/uploads\/2026\/02\/kos-4-300x225.jpeg 300w, https:\/\/szkola-na-kosow.pl\/wp-content\/uploads\/2026\/02\/kos-4-768x576.jpeg 768w, https:\/\/szkola-na-kosow.pl\/wp-content\/uploads\/2026\/02\/kos-4-1536x1152.jpeg 1536w, https:\/\/szkola-na-kosow.pl\/wp-content\/uploads\/2026\/02\/kos-4.jpeg 2048w\" sizes=\"(max-width: 800px) 100vw, 800px\" \/>\t\t\t\t\t\t\t\t\t\t\t\t\t\t\t<\/div>\n\t\t\t\t<div class=\"elementor-element elementor-element-933c18a elementor-widget elementor-widget-image\" data-id=\"933c18a\" data-element_type=\"widget\" data-widget_type=\"image.default\">\n\t\t\t\t\t\t\t\t\t\t\t\t\t\t\t<img loading=\"lazy\" decoding=\"async\" width=\"800\" height=\"600\" src=\"https:\/\/szkola-na-kosow.pl\/wp-content\/uploads\/2026\/02\/kos-6-1024x768.jpeg\" class=\"attachment-large size-large wp-image-835\" alt=\"\" srcset=\"https:\/\/szkola-na-kosow.pl\/wp-content\/uploads\/2026\/02\/kos-6-1024x768.jpeg 1024w, https:\/\/szkola-na-kosow.pl\/wp-content\/uploads\/2026\/02\/kos-6-300x225.jpeg 300w, https:\/\/szkola-na-kosow.pl\/wp-content\/uploads\/2026\/02\/kos-6-768x576.jpeg 768w, https:\/\/szkola-na-kosow.pl\/wp-content\/uploads\/2026\/02\/kos-6-1536x1152.jpeg 1536w, https:\/\/szkola-na-kosow.pl\/wp-content\/uploads\/2026\/02\/kos-6.jpeg 2048w\" sizes=\"(max-width: 800px) 100vw, 800px\" \/>\t\t\t\t\t\t\t\t\t\t\t\t\t\t\t<\/div>\n\t\t\t\t\t<\/div>\n\t\t\t\t<\/div>\n\t\t<div class=\"elementor-element elementor-element-0885a2a e-flex e-con-boxed e-con e-parent\" data-id=\"0885a2a\" data-element_type=\"container\">\n\t\t\t\t\t<div class=\"e-con-inner\">\n\t\t\t\t\t<\/div>\n\t\t\t\t<\/div>\n\t\t\t\t<\/div>\n\t\t","protected":false},"excerpt":{"rendered":"<p>Wkr\u00f3tce poznasz naszych Lektor\u00f3w:\u00a0 \u00a0 \u00a0 \u00a0 \u00a0 \u00a0 \u00a0 \u00a0 \u00a0 \u00a0 \u00a0 \u00a0 \u00a0 \u00a0 \u00a0 \u00a0 Oliwia\u00a0 Wojtek\u00a0 Olaf\u00a0 Kasia\u00a0 Julia\u00a0 Krzysztof\u00a0 Dorota Piechowska-Koncewicz\u00a0 -za\u0142o\u017cycielka szko\u0142y i germanistka GALERIA\u00a0<\/p>\n","protected":false},"author":1,"featured_media":0,"parent":0,"menu_order":0,"comment_status":"closed","ping_status":"closed","template":"","meta":{"footnotes":""},"class_list":["post-669","page","type-page","status-publish","hentry"],"_links":{"self":[{"href":"https:\/\/szkola-na-kosow.pl\/index.php?rest_route=\/wp\/v2\/pages\/669","targetHints":{"allow":["GET"]}}],"collection":[{"href":"https:\/\/szkola-na-kosow.pl\/index.php?rest_route=\/wp\/v2\/pages"}],"about":[{"href":"https:\/\/szkola-na-kosow.pl\/index.php?rest_route=\/wp\/v2\/types\/page"}],"author":[{"embeddable":true,"href":"https:\/\/szkola-na-kosow.pl\/index.php?rest_route=\/wp\/v2\/users\/1"}],"replies":[{"embeddable":true,"href":"https:\/\/szkola-na-kosow.pl\/index.php?rest_route=%2Fwp%2Fv2%2Fcomments&post=669"}],"version-history":[{"count":70,"href":"https:\/\/szkola-na-kosow.pl\/index.php?rest_route=\/wp\/v2\/pages\/669\/revisions"}],"predecessor-version":[{"id":878,"href":"https:\/\/szkola-na-kosow.pl\/index.php?rest_route=\/wp\/v2\/pages\/669\/revisions\/878"}],"wp:attachment":[{"href":"https:\/\/szkola-na-kosow.pl\/index.php?rest_route=%2Fwp%2Fv2%2Fmedia&parent=669"}],"curies":[{"name":"wp","href":"https:\/\/api.w.org\/{rel}","templated":true}]}}