{"id":31,"date":"2025-12-18T10:24:56","date_gmt":"2025-12-18T09:24:56","guid":{"rendered":"https:\/\/szkola-na-kosow.pl\/?page_id=31"},"modified":"2026-03-24T23:15:54","modified_gmt":"2026-03-24T22:15:54","slug":"home","status":"publish","type":"page","link":"https:\/\/szkola-na-kosow.pl\/","title":{"rendered":"Szko\u0142a na Kos\u00f3w"},"content":{"rendered":"\t\t<div data-elementor-type=\"wp-page\" data-elementor-id=\"31\" class=\"elementor elementor-31\">\n\t\t\t\t<div class=\"elementor-element elementor-element-6dec566 e-flex e-con-boxed e-con e-parent\" data-id=\"6dec566\" data-element_type=\"container\">\n\t\t\t\t\t<div class=\"e-con-inner\">\n\t\t\t\t<div class=\"elementor-element elementor-element-3b127f5 elementor-widget-divider--view-line elementor-widget elementor-widget-divider\" data-id=\"3b127f5\" data-element_type=\"widget\" data-widget_type=\"divider.default\">\n\t\t\t\t\t\t\t<div class=\"elementor-divider\">\n\t\t\t<span class=\"elementor-divider-separator\">\n\t\t\t\t\t\t<\/span>\n\t\t<\/div>\n\t\t\t\t\t\t<\/div>\n\t\t\t\t\t<\/div>\n\t\t\t\t<\/div>\n\t\t<div class=\"elementor-element elementor-element-a25deb9 e-grid e-con-full e-con e-parent\" data-id=\"a25deb9\" data-element_type=\"container\">\n\t\t<div class=\"elementor-element elementor-element-f50d91d e-con-full e-flex e-con e-child\" data-id=\"f50d91d\" data-element_type=\"container\">\n\t\t\t\t<div class=\"elementor-element elementor-element-10c19ba elementor-align-left elementor-button-info elementor-widget elementor-widget-button\" data-id=\"10c19ba\" data-element_type=\"widget\" data-widget_type=\"button.default\">\n\t\t\t\t\t\t\t\t\t\t<a class=\"elementor-button elementor-button-link elementor-size-sm\" href=\"https:\/\/szkola-na-kosow.pl\/?page_id=669\">\n\t\t\t\t\t\t<span class=\"elementor-button-content-wrapper\">\n\t\t\t\t\t\t\t\t\t<span class=\"elementor-button-text\">Nasza kadra \/ Galeria <\/span>\n\t\t\t\t\t<\/span>\n\t\t\t\t\t<\/a>\n\t\t\t\t\t\t\t\t<\/div>\n\t\t\t\t<\/div>\n\t\t\t\t<div class=\"elementor-element elementor-element-754d395 elementor-align-center elementor-widget elementor-widget-button\" data-id=\"754d395\" data-element_type=\"widget\" data-widget_type=\"button.default\">\n\t\t\t\t\t\t\t\t\t\t<a class=\"elementor-button elementor-button-link elementor-size-sm\" href=\"https:\/\/szkola-na-kosow.pl\/?page_id=677\">\n\t\t\t\t\t\t<span class=\"elementor-button-content-wrapper\">\n\t\t\t\t\t\t\t\t\t<span class=\"elementor-button-text\">Doro\u015bli<\/span>\n\t\t\t\t\t<\/span>\n\t\t\t\t\t<\/a>\n\t\t\t\t\t\t\t\t<\/div>\n\t\t\t\t<div class=\"elementor-element elementor-element-cacae09 elementor-align-right elementor-widget elementor-widget-button\" data-id=\"cacae09\" data-element_type=\"widget\" data-widget_type=\"button.default\">\n\t\t\t\t\t\t\t\t\t\t<a class=\"elementor-button elementor-button-link elementor-size-sm\" href=\"https:\/\/szkola-na-kosow.pl\/?page_id=685\">\n\t\t\t\t\t\t<span class=\"elementor-button-content-wrapper\">\n\t\t\t\t\t\t\t\t\t<span class=\"elementor-button-text\">Dzieci i M\u0142odzie\u017c<\/span>\n\t\t\t\t\t<\/span>\n\t\t\t\t\t<\/a>\n\t\t\t\t\t\t\t\t<\/div>\n\t\t\t\t<div class=\"elementor-element elementor-element-6700e5b elementor-widget-divider--view-line elementor-widget elementor-widget-divider\" data-id=\"6700e5b\" data-element_type=\"widget\" data-widget_type=\"divider.default\">\n\t\t\t\t\t\t\t<div class=\"elementor-divider\">\n\t\t\t<span class=\"elementor-divider-separator\">\n\t\t\t\t\t\t<\/span>\n\t\t<\/div>\n\t\t\t\t\t\t<\/div>\n\t\t\t\t<div class=\"elementor-element elementor-element-6dcf8f9 elementor-widget-divider--view-line elementor-widget elementor-widget-divider\" data-id=\"6dcf8f9\" data-element_type=\"widget\" data-widget_type=\"divider.default\">\n\t\t\t\t\t\t\t<div class=\"elementor-divider\">\n\t\t\t<span class=\"elementor-divider-separator\">\n\t\t\t\t\t\t<\/span>\n\t\t<\/div>\n\t\t\t\t\t\t<\/div>\n\t\t\t\t<div class=\"elementor-element elementor-element-6774a4b elementor-widget-divider--view-line elementor-widget elementor-widget-divider\" data-id=\"6774a4b\" data-element_type=\"widget\" data-widget_type=\"divider.default\">\n\t\t\t\t\t\t\t<div class=\"elementor-divider\">\n\t\t\t<span class=\"elementor-divider-separator\">\n\t\t\t\t\t\t<\/span>\n\t\t<\/div>\n\t\t\t\t\t\t<\/div>\n\t\t\t\t<\/div>\n\t\t<div class=\"elementor-element elementor-element-b324e59 e-flex e-con-boxed e-con e-parent\" data-id=\"b324e59\" data-element_type=\"container\">\n\t\t\t\t\t<div class=\"e-con-inner\">\n\t\t\t\t<div class=\"elementor-element elementor-element-4793865 elementor-widget elementor-widget-text-editor\" data-id=\"4793865\" data-element_type=\"widget\" data-widget_type=\"text-editor.default\">\n\t\t\t\t\t\t\t\t\t<h2>Pierwsza szko\u0142a j\u0119zykowa na os. Ptasim<\/h2>\t\t\t\t\t\t\t\t<\/div>\n\t\t\t\t<div class=\"elementor-element elementor-element-0e554e6 elementor-widget elementor-widget-image\" data-id=\"0e554e6\" data-element_type=\"widget\" data-widget_type=\"image.default\">\n\t\t\t\t\t\t\t\t\t\t\t\t\t\t\t<img fetchpriority=\"high\" decoding=\"async\" width=\"296\" height=\"300\" src=\"https:\/\/szkola-na-kosow.pl\/wp-content\/uploads\/2025\/12\/WhatsApp-Image-2025-12-22-at-19.38.08-296x300.jpeg\" class=\"attachment-medium size-medium wp-image-184\" alt=\"\" srcset=\"https:\/\/szkola-na-kosow.pl\/wp-content\/uploads\/2025\/12\/WhatsApp-Image-2025-12-22-at-19.38.08-296x300.jpeg 296w, https:\/\/szkola-na-kosow.pl\/wp-content\/uploads\/2025\/12\/WhatsApp-Image-2025-12-22-at-19.38.08-768x779.jpeg 768w, https:\/\/szkola-na-kosow.pl\/wp-content\/uploads\/2025\/12\/WhatsApp-Image-2025-12-22-at-19.38.08.jpeg 866w\" sizes=\"(max-width: 296px) 100vw, 296px\" \/>\t\t\t\t\t\t\t\t\t\t\t\t\t\t\t<\/div>\n\t\t\t\t\t<\/div>\n\t\t\t\t<\/div>\n\t\t<div class=\"elementor-element elementor-element-897029a e-con-full e-flex e-con e-parent\" data-id=\"897029a\" data-element_type=\"container\">\n\t\t\t\t<div class=\"elementor-element elementor-element-86591d3 elementor-view-default elementor-widget elementor-widget-icon\" data-id=\"86591d3\" data-element_type=\"widget\" data-widget_type=\"icon.default\">\n\t\t\t\t\t\t\t<div class=\"elementor-icon-wrapper\">\n\t\t\t<a class=\"elementor-icon\" href=\"https:\/\/www.facebook.com\/szkolanakosow\">\n\t\t\t<svg aria-hidden=\"true\" class=\"e-font-icon-svg e-fab-facebook\" viewBox=\"0 0 512 512\" xmlns=\"http:\/\/www.w3.org\/2000\/svg\"><path d=\"M504 256C504 119 393 8 256 8S8 119 8 256c0 123.78 90.69 226.38 209.25 245V327.69h-63V256h63v-54.64c0-62.15 37-96.48 93.67-96.48 27.14 0 55.52 4.84 55.52 4.84v61h-31.28c-30.8 0-40.41 19.12-40.41 38.73V256h68.78l-11 71.69h-57.78V501C413.31 482.38 504 379.78 504 256z\"><\/path><\/svg>\t\t\t<\/a>\n\t\t<\/div>\n\t\t\t\t\t\t<\/div>\n\t\t\t\t<\/div>\n\t\t<div class=\"elementor-element elementor-element-ba82fa7 e-flex e-con-boxed e-con e-parent\" data-id=\"ba82fa7\" data-element_type=\"container\">\n\t\t\t\t\t<div class=\"e-con-inner\">\n\t\t\t\t<div class=\"elementor-element elementor-element-212d2a2 elementor-widget elementor-widget-text-editor\" data-id=\"212d2a2\" data-element_type=\"widget\" data-widget_type=\"text-editor.default\">\n\t\t\t\t\t\t\t\t\t<p>\u00a0<\/p><p><strong>&#8222;Szko\u0142a na Kos\u00f3w&#8221;<\/strong><\/p><p>Tel. 728 880 448\u00a0<\/p><p>E-mail: szkola.na.kosow@gmail.com<\/p><p>ul. Kos\u00f3w 4 (parter)<\/p>\t\t\t\t\t\t\t\t<\/div>\n\t\t\t\t\t<\/div>\n\t\t\t\t<\/div>\n\t\t<div class=\"elementor-element elementor-element-9255ddb e-flex e-con-boxed e-con e-parent\" data-id=\"9255ddb\" data-element_type=\"container\">\n\t\t\t\t\t<div class=\"e-con-inner\">\n\t\t\t\t<div class=\"elementor-element elementor-element-90ee1a8 elementor-widget elementor-widget-heading\" data-id=\"90ee1a8\" data-element_type=\"widget\" data-widget_type=\"heading.default\">\n\t\t\t\t\t<h2 class=\"elementor-heading-title elementor-size-default\">J\u0118ZYKI<\/h2>\t\t\t\t<\/div>\n\t\t\t\t<div class=\"elementor-element elementor-element-b67d1a3 elementor-invisible elementor-widget elementor-widget-image\" data-id=\"b67d1a3\" data-element_type=\"widget\" data-settings=\"{&quot;_animation&quot;:&quot;fadeInRight&quot;}\" data-widget_type=\"image.default\">\n\t\t\t\t\t\t\t\t\t\t\t\t\t\t\t<img decoding=\"async\" width=\"300\" height=\"225\" src=\"https:\/\/szkola-na-kosow.pl\/wp-content\/uploads\/2025\/12\/gf4c3ff46268fdae37bd8cc467be3b9bb8019383afa6b0fdb489e868eef7ddc5d6cc71208fbc99e34a1dfa9d51ee39f99_1280-324982-300x225.jpg\" class=\"attachment-medium size-medium wp-image-338\" alt=\"parliament, the german people, germany, government district, berlin, government, german flag, bundestag, capital city, berlin, berlin, berlin, german flag, german flag, german flag, german flag, german flag, bundestag\" srcset=\"https:\/\/szkola-na-kosow.pl\/wp-content\/uploads\/2025\/12\/gf4c3ff46268fdae37bd8cc467be3b9bb8019383afa6b0fdb489e868eef7ddc5d6cc71208fbc99e34a1dfa9d51ee39f99_1280-324982-300x225.jpg 300w, https:\/\/szkola-na-kosow.pl\/wp-content\/uploads\/2025\/12\/gf4c3ff46268fdae37bd8cc467be3b9bb8019383afa6b0fdb489e868eef7ddc5d6cc71208fbc99e34a1dfa9d51ee39f99_1280-324982-1024x768.jpg 1024w, https:\/\/szkola-na-kosow.pl\/wp-content\/uploads\/2025\/12\/gf4c3ff46268fdae37bd8cc467be3b9bb8019383afa6b0fdb489e868eef7ddc5d6cc71208fbc99e34a1dfa9d51ee39f99_1280-324982-768x576.jpg 768w, https:\/\/szkola-na-kosow.pl\/wp-content\/uploads\/2025\/12\/gf4c3ff46268fdae37bd8cc467be3b9bb8019383afa6b0fdb489e868eef7ddc5d6cc71208fbc99e34a1dfa9d51ee39f99_1280-324982.jpg 1280w\" sizes=\"(max-width: 300px) 100vw, 300px\" \/>\t\t\t\t\t\t\t\t\t\t\t\t\t\t\t<\/div>\n\t\t\t\t\t<\/div>\n\t\t\t\t<\/div>\n\t\t<div class=\"elementor-element elementor-element-6e94acf e-flex e-con-boxed e-con e-parent\" data-id=\"6e94acf\" data-element_type=\"container\">\n\t\t\t\t\t<div class=\"e-con-inner\">\n\t\t\t\t<div class=\"elementor-element elementor-element-8c275ce elementor-widget elementor-widget-text-editor\" data-id=\"8c275ce\" data-element_type=\"widget\" data-widget_type=\"text-editor.default\">\n\t\t\t\t\t\t\t\t\t<h2><strong>\u00a0 \u00a0 \u00a0 \u00a0 \u00a0 \u00a0 NIEMIECKI\u00a0<\/strong><\/h2>\t\t\t\t\t\t\t\t<\/div>\n\t\t\t\t\t<\/div>\n\t\t\t\t<\/div>\n\t\t<div class=\"elementor-element elementor-element-4fe313e e-flex e-con-boxed e-con e-parent\" data-id=\"4fe313e\" data-element_type=\"container\">\n\t\t\t\t\t<div class=\"e-con-inner\">\n\t\t\t\t<div class=\"elementor-element elementor-element-41c5365 elementor-invisible elementor-widget elementor-widget-image\" data-id=\"41c5365\" data-element_type=\"widget\" data-settings=\"{&quot;_animation&quot;:&quot;fadeInLeft&quot;}\" data-widget_type=\"image.default\">\n\t\t\t\t\t\t\t\t\t\t\t\t\t\t\t<img decoding=\"async\" width=\"300\" height=\"225\" src=\"https:\/\/szkola-na-kosow.pl\/wp-content\/uploads\/2025\/12\/g2eb2904ae0a9e849d7e52d171351d1314265e0a1b6ff92663b631b24b21e8cd7dab63c79eaae48cdee08a18affb54360_1280-379535-300x225.jpg\" class=\"attachment-medium size-medium wp-image-101\" alt=\"spain, flag, sky, flagpole, nature, spanish flag, national flag, banner, flutter, wind, blue sky\" srcset=\"https:\/\/szkola-na-kosow.pl\/wp-content\/uploads\/2025\/12\/g2eb2904ae0a9e849d7e52d171351d1314265e0a1b6ff92663b631b24b21e8cd7dab63c79eaae48cdee08a18affb54360_1280-379535-300x225.jpg 300w, https:\/\/szkola-na-kosow.pl\/wp-content\/uploads\/2025\/12\/g2eb2904ae0a9e849d7e52d171351d1314265e0a1b6ff92663b631b24b21e8cd7dab63c79eaae48cdee08a18affb54360_1280-379535-1024x768.jpg 1024w, https:\/\/szkola-na-kosow.pl\/wp-content\/uploads\/2025\/12\/g2eb2904ae0a9e849d7e52d171351d1314265e0a1b6ff92663b631b24b21e8cd7dab63c79eaae48cdee08a18affb54360_1280-379535-768x576.jpg 768w, https:\/\/szkola-na-kosow.pl\/wp-content\/uploads\/2025\/12\/g2eb2904ae0a9e849d7e52d171351d1314265e0a1b6ff92663b631b24b21e8cd7dab63c79eaae48cdee08a18affb54360_1280-379535.jpg 1280w\" sizes=\"(max-width: 300px) 100vw, 300px\" \/>\t\t\t\t\t\t\t\t\t\t\t\t\t\t\t<\/div>\n\t\t\t\t\t<\/div>\n\t\t\t\t<\/div>\n\t\t<div class=\"elementor-element elementor-element-97f6eff e-con-full e-flex e-con e-parent\" data-id=\"97f6eff\" data-element_type=\"container\">\n\t\t\t\t<div class=\"elementor-element elementor-element-0ba3fcb elementor-widget-mobile__width-initial elementor-widget elementor-widget-text-editor\" data-id=\"0ba3fcb\" data-element_type=\"widget\" data-widget_type=\"text-editor.default\">\n\t\t\t\t\t\t\t\t\t<h2><strong>HISZPA\u0143SKI<\/strong><\/h2>\t\t\t\t\t\t\t\t<\/div>\n\t\t\t\t<\/div>\n\t\t<div class=\"elementor-element elementor-element-601e12c e-flex e-con-boxed e-con e-parent\" data-id=\"601e12c\" data-element_type=\"container\">\n\t\t\t\t\t<div class=\"e-con-inner\">\n\t\t\t\t<div class=\"elementor-element elementor-element-b1a6e47 elementor-invisible elementor-widget elementor-widget-image\" data-id=\"b1a6e47\" data-element_type=\"widget\" data-settings=\"{&quot;_animation&quot;:&quot;fadeInRight&quot;}\" data-widget_type=\"image.default\">\n\t\t\t\t\t\t\t\t\t\t\t\t\t\t\t<img loading=\"lazy\" decoding=\"async\" width=\"300\" height=\"200\" src=\"https:\/\/szkola-na-kosow.pl\/wp-content\/uploads\/2025\/12\/pexels-photo-32408364-32408364-300x200.jpg\" class=\"attachment-medium size-medium wp-image-95\" alt=\"Union Jack flag waving in front of Big Ben, London, against a clear blue sky.\" srcset=\"https:\/\/szkola-na-kosow.pl\/wp-content\/uploads\/2025\/12\/pexels-photo-32408364-32408364-300x200.jpg 300w, https:\/\/szkola-na-kosow.pl\/wp-content\/uploads\/2025\/12\/pexels-photo-32408364-32408364-1024x683.jpg 1024w, https:\/\/szkola-na-kosow.pl\/wp-content\/uploads\/2025\/12\/pexels-photo-32408364-32408364-768x512.jpg 768w, https:\/\/szkola-na-kosow.pl\/wp-content\/uploads\/2025\/12\/pexels-photo-32408364-32408364-1536x1024.jpg 1536w, https:\/\/szkola-na-kosow.pl\/wp-content\/uploads\/2025\/12\/pexels-photo-32408364-32408364-2048x1365.jpg 2048w\" sizes=\"(max-width: 300px) 100vw, 300px\" \/>\t\t\t\t\t\t\t\t\t\t\t\t\t\t\t<\/div>\n\t\t\t\t\t<\/div>\n\t\t\t\t<\/div>\n\t\t<div class=\"elementor-element elementor-element-947b127 e-flex e-con-boxed e-con e-parent\" data-id=\"947b127\" data-element_type=\"container\">\n\t\t\t\t\t<div class=\"e-con-inner\">\n\t\t\t\t<div class=\"elementor-element elementor-element-f90a2f1 elementor-widget elementor-widget-text-editor\" data-id=\"f90a2f1\" data-element_type=\"widget\" data-widget_type=\"text-editor.default\">\n\t\t\t\t\t\t\t\t\t<h2><strong>\u00a0 \u00a0 \u00a0 \u00a0 \u00a0 \u00a0 ANGIELSKI\u00a0<\/strong><\/h2>\t\t\t\t\t\t\t\t<\/div>\n\t\t\t\t\t<\/div>\n\t\t\t\t<\/div>\n\t\t<div class=\"elementor-element elementor-element-5d23490 e-flex e-con-boxed e-con e-parent\" data-id=\"5d23490\" data-element_type=\"container\">\n\t\t\t\t\t<div class=\"e-con-inner\">\n\t\t\t\t<div class=\"elementor-element elementor-element-96f3b6e elementor-widget elementor-widget-spacer\" data-id=\"96f3b6e\" data-element_type=\"widget\" data-widget_type=\"spacer.default\">\n\t\t\t\t\t\t\t<div class=\"elementor-spacer\">\n\t\t\t<div class=\"elementor-spacer-inner\"><\/div>\n\t\t<\/div>\n\t\t\t\t\t\t<\/div>\n\t\t\t\t\t<\/div>\n\t\t\t\t<\/div>\n\t\t\t\t<\/div>\n\t\t","protected":false},"excerpt":{"rendered":"<p>Nasza kadra \/ Galeria Doro\u015bli Dzieci i M\u0142odzie\u017c Pierwsza szko\u0142a j\u0119zykowa na os. Ptasim \u00a0 &#8222;Szko\u0142a na Kos\u00f3w&#8221; Tel. 728 880 448\u00a0 E-mail: szkola.na.kosow@gmail.com ul. Kos\u00f3w 4 (parter) J\u0118ZYKI \u00a0 \u00a0 \u00a0 \u00a0 \u00a0 \u00a0 NIEMIECKI\u00a0 HISZPA\u0143SKI \u00a0 \u00a0 \u00a0 \u00a0 \u00a0 \u00a0 ANGIELSKI\u00a0<\/p>\n","protected":false},"author":1,"featured_media":67,"parent":0,"menu_order":0,"comment_status":"closed","ping_status":"closed","template":"elementor_canvas","meta":{"footnotes":""},"class_list":["post-31","page","type-page","status-publish","has-post-thumbnail","hentry"],"_links":{"self":[{"href":"https:\/\/szkola-na-kosow.pl\/index.php?rest_route=\/wp\/v2\/pages\/31","targetHints":{"allow":["GET"]}}],"collection":[{"href":"https:\/\/szkola-na-kosow.pl\/index.php?rest_route=\/wp\/v2\/pages"}],"about":[{"href":"https:\/\/szkola-na-kosow.pl\/index.php?rest_route=\/wp\/v2\/types\/page"}],"author":[{"embeddable":true,"href":"https:\/\/szkola-na-kosow.pl\/index.php?rest_route=\/wp\/v2\/users\/1"}],"replies":[{"embeddable":true,"href":"https:\/\/szkola-na-kosow.pl\/index.php?rest_route=%2Fwp%2Fv2%2Fcomments&post=31"}],"version-history":[{"count":430,"href":"https:\/\/szkola-na-kosow.pl\/index.php?rest_route=\/wp\/v2\/pages\/31\/revisions"}],"predecessor-version":[{"id":884,"href":"https:\/\/szkola-na-kosow.pl\/index.php?rest_route=\/wp\/v2\/pages\/31\/revisions\/884"}],"wp:featuredmedia":[{"embeddable":true,"href":"https:\/\/szkola-na-kosow.pl\/index.php?rest_route=\/wp\/v2\/media\/67"}],"wp:attachment":[{"href":"https:\/\/szkola-na-kosow.pl\/index.php?rest_route=%2Fwp%2Fv2%2Fmedia&parent=31"}],"curies":[{"name":"wp","href":"https:\/\/api.w.org\/{rel}","templated":true}]}}